{"id":1164,"date":"2021-06-22T12:41:38","date_gmt":"2021-06-22T10:41:38","guid":{"rendered":"https:\/\/www.zeus-braun.sk\/?post_type=product&#038;p=1164"},"modified":"2026-04-24T14:08:45","modified_gmt":"2026-04-24T12:08:45","slug":"tartelettes-filigrano-maslove-cokoladove-obdlzdnik-113x35cm-12ks","status":"publish","type":"product","link":"https:\/\/www.zeus-braun.sk\/index.php\/produkt\/tartelettes-filigrano-maslove-cokoladove-obdlzdnik-113x35cm-12ks\/","title":{"rendered":"Tartelettes Choco Filigrano Butter 11,3 x3,5cm 12ks plato"},"content":{"rendered":"<p>Exkluz\u00edvne maslov\u00e9 tartaletky, v modernom a in\u0161pirat\u00edvnom tvare sladkej kakaovej chuti. Obsah masla 20%. Povrch je potiahnut\u00fd kakaov\u00fdm maslom, unik\u00e1tnou technol\u00f3giou zabra\u0148uj\u00facou prenikn\u00fa\u0165 vlhkosti a \u0161tav\u00e1m do cestov\u00e9ho z\u00e1kladu. V\u010faka tomu ostan\u00fa va\u0161e tartaletky v\u017edy \u010derstv\u00e9 a chrumkav\u00e9 pri ka\u017edej pr\u00edle\u017eitosti.<\/p>\n<p>Tartaletky su vhodn\u00e9 na studen\u00fa aj tepl\u00fa kuchy\u0148u, mo\u017en\u00e9 zapeka\u0165 v\u0161etky druhy a\u017e do 180&#8217;C.<\/p>\n<p>Tartaletky prec\u00edzne bal\u00edme aby sa minimalizovalo mo\u017en\u00e9 po\u0161kodenie pri doprave.<\/p>\n<p><b>Podmienky skladovania<\/b>: Skladujte na chladom a suchom mieste.<\/p>\n<p>Viac in\u0161pir\u00e1ci\u00ed na dezerty v tartaletk\u00e1ch m\u00f4\u017eete n\u00e1js\u0165 TU:<\/p>\n<p><a href=\"https:\/\/www.hug-foodservice.ch\/sk-en\/rezepte\/?lang=en\">www.hug-foodservice.ch &#8211; RECEPTY<\/a><\/p>\n<p><img loading=\"lazy\" decoding=\"async\" class=\"alignnone size-medium wp-image-19195\" src=\"https:\/\/www.cokolady.sk\/wp-content\/uploads\/2024\/02\/recepty-215x300.png\" alt=\"\" width=\"215\" height=\"300\" \/><\/p>\n<!--themify_builder_content-->\n<div id=\"themify_builder_content-1164\" data-postid=\"1164\" class=\"themify_builder_content themify_builder_content-1164 themify_builder tf_clear\">\n    <\/div>\n<!--\/themify_builder_content-->\n","protected":false},"excerpt":{"rendered":"<p>Exkluz\u00edvne maslov\u00e9 tartaletky, v modernom a in\u0161pirat\u00edvnom tvare sladkej kakaovej chuti. Obsah masla 20%.<\/p>\n<p><b>Balenie :\u00a0 12 ks<\/b><\/p>\n","protected":false},"featured_media":10924,"comment_status":"closed","ping_status":"closed","template":"","meta":[],"product_brand":[],"product_cat":[239,36,74,37],"product_tag":[38],"class_list":{"0":"post-1164","1":"product","2":"type-product","3":"status-publish","4":"has-post-thumbnail","6":"product_cat-239","7":"product_cat-tartalettes","8":"product_cat-plata","9":"product_cat-sladke","10":"product_tag-hug-ag","11":"has-post-title","12":"has-post-date","13":"has-post-category","14":"has-post-tag","15":"has-post-comment","16":"has-post-author","17":"","19":"first","20":"instock","21":"downloadable","22":"taxable","23":"shipping-taxable","24":"purchasable","25":"product-type-simple"},"jetpack_sharing_enabled":true,"builder_content":"","_links":{"self":[{"href":"https:\/\/www.zeus-braun.sk\/index.php\/wp-json\/wp\/v2\/product\/1164","targetHints":{"allow":["GET"]}}],"collection":[{"href":"https:\/\/www.zeus-braun.sk\/index.php\/wp-json\/wp\/v2\/product"}],"about":[{"href":"https:\/\/www.zeus-braun.sk\/index.php\/wp-json\/wp\/v2\/types\/product"}],"replies":[{"embeddable":true,"href":"https:\/\/www.zeus-braun.sk\/index.php\/wp-json\/wp\/v2\/comments?post=1164"}],"wp:featuredmedia":[{"embeddable":true,"href":"https:\/\/www.zeus-braun.sk\/index.php\/wp-json\/wp\/v2\/media\/10924"}],"wp:attachment":[{"href":"https:\/\/www.zeus-braun.sk\/index.php\/wp-json\/wp\/v2\/media?parent=1164"}],"wp:term":[{"taxonomy":"product_brand","embeddable":true,"href":"https:\/\/www.zeus-braun.sk\/index.php\/wp-json\/wp\/v2\/product_brand?post=1164"},{"taxonomy":"product_cat","embeddable":true,"href":"https:\/\/www.zeus-braun.sk\/index.php\/wp-json\/wp\/v2\/product_cat?post=1164"},{"taxonomy":"product_tag","embeddable":true,"href":"https:\/\/www.zeus-braun.sk\/index.php\/wp-json\/wp\/v2\/product_tag?post=1164"}],"curies":[{"name":"wp","href":"https:\/\/api.w.org\/{rel}","templated":true}]}}