{"id":1156,"date":"2021-06-22T11:40:17","date_gmt":"2021-06-22T09:40:17","guid":{"rendered":"https:\/\/www.zeus-braun.sk\/?post_type=product&#038;p=1156"},"modified":"2026-04-29T12:50:37","modified_gmt":"2026-04-29T10:50:37","slug":"smotana-35-uht-1l","status":"publish","type":"product","link":"https:\/\/www.zeus-braun.sk\/index.php\/produkt\/smotana-35-uht-1l\/","title":{"rendered":"Profesion\u00e1lna \u017eivo\u010d\u00ed\u0161na smotana 35% trvanliv\u00e1 1l"},"content":{"rendered":"<p>\u017divo\u010d\u00ed\u0161na smotana najvy\u0161\u0161ej kvality vyr\u00e1ban\u00e1 pre n\u00e1s v \u010deskej mliekarni, zo slovensk\u00e9ho a \u010desk\u00e9ho mlieka s obsahom mlie\u010dneho tuku 35%, nesladen\u00e1, o\u0161etren\u00e1 UHT ohrevom.<br \/>\nVhodn\u00e1 na pr\u00edpravu sladk\u00fdch aj slan\u00fdch jed\u00e1l. V\u00fdhodou na\u0161ej smotany je, \u017ee ju vy\u0161\u013eah\u00e1te aj pri izbovej teplote a pri jej v\u00fdnimo\u010dnej hustote v\u00e1m kr\u00e1sne podr\u017e\u00ed ak\u00fdko\u013evek kr\u00e9m \u010di penu. Ide\u00e1lne v\u0161ak pred pou\u017eit\u00edm vychladi\u0165 na 4\u00b0C &#8211; 8\u00b0C.<\/p>\n<p><strong>100% \u017eivo\u010d\u00ed\u0161na<\/strong><br \/>\n<strong>35% tuku<\/strong><br \/>\n<strong>Trvanliv\u00e1<\/strong><br \/>\n<strong>Zo slovensk\u00e9ho a \u010desk\u00e9ho mlieka<\/strong><br \/>\n<strong>Tuh\u00fd n\u00e1\u0161\u013eah aj pri izbovej teplote<\/strong><\/p>\n<p style=\"font-weight: 400\"><b><strong>Podmienky skladovania:<\/strong><\/b><\/p>\n<p style=\"font-weight: 400\">Odpor\u00fa\u010dame skladova\u0165 od 2\u00b0C &#8211; 10\u00b0C,maxim\u00e1lne do 20\u00b0C v suchom, uzavretom priestore, v p\u00f4vodnom obale. Pri dlh\u0161om skladovan\u00ed v teple sa tuk m\u00f4\u017ee oddeli\u0165 a usadi\u0165 na dne balenia, to nie je chybou produktu ale skladovania, produkt m\u00f4\u017eete \u010falej pou\u017e\u00edva\u0165. Chr\u00e1\u0148te pred mrazom a priamym slne\u010dn\u00fdm svetlom. Po otvoren\u00ed skladujte pri 1 \u00b0 C a\u017e 4 \u00b0C a spotrebujte do 24 hod\u00edn. Pred pou\u017eit\u00edm pretrepte.<\/p>\n","protected":false},"excerpt":{"rendered":"<p>\u017divo\u010d\u00ed\u0161na smotana najvy\u0161\u0161ej kvality vyr\u00e1ban\u00e1 pre n\u00e1s v \u010deskej mliekarni, zo slovensk\u00e9ho a \u010desk\u00e9ho mlieka s obsahom mlie\u010dneho tuku 35%, nesladen\u00e1, o\u0161etren\u00e1 UHT ohrevom.<\/p>\n<p><strong>100% \u017eivo\u010d\u00ed\u0161na<\/strong><br \/>\n<strong>35% tuku<\/strong><br \/>\n<strong>Trvanliv\u00e1<\/strong><br \/>\n<span style=\"color: #bd0404\"><strong>Zo slovensk\u00e9ho a \u010desk\u00e9ho mlieka<\/strong><\/span><br \/>\n<strong>Tuh\u00fd n\u00e1\u0161\u013eah aj pri izbovej teplote<\/strong><\/p>\n<p><strong>Balenie: 1l<\/strong><\/p>\n","protected":false},"featured_media":10869,"comment_status":"open","ping_status":"closed","template":"","meta":[],"product_brand":[],"product_cat":[224,222,156,162,177,178],"product_tag":[],"class_list":{"0":"post-1156","1":"product","2":"type-product","3":"status-publish","4":"has-post-thumbnail","6":"product_cat-frontpage","7":"product_cat-ine","8":"product_cat-akcia_velka_noc","9":"product_cat-odporucane_produkty","10":"product_cat-pre-kucharov","11":"product_cat-profesionalna_smotana","12":"has-post-title","13":"has-post-date","14":"has-post-category","15":"has-post-tag","16":"has-post-comment","17":"has-post-author","18":"","20":"first","21":"instock","22":"sale","23":"taxable","24":"shipping-taxable","25":"purchasable","26":"product-type-simple"},"jetpack_sharing_enabled":true,"builder_content":"","_links":{"self":[{"href":"https:\/\/www.zeus-braun.sk\/index.php\/wp-json\/wp\/v2\/product\/1156","targetHints":{"allow":["GET"]}}],"collection":[{"href":"https:\/\/www.zeus-braun.sk\/index.php\/wp-json\/wp\/v2\/product"}],"about":[{"href":"https:\/\/www.zeus-braun.sk\/index.php\/wp-json\/wp\/v2\/types\/product"}],"replies":[{"embeddable":true,"href":"https:\/\/www.zeus-braun.sk\/index.php\/wp-json\/wp\/v2\/comments?post=1156"}],"wp:featuredmedia":[{"embeddable":true,"href":"https:\/\/www.zeus-braun.sk\/index.php\/wp-json\/wp\/v2\/media\/10869"}],"wp:attachment":[{"href":"https:\/\/www.zeus-braun.sk\/index.php\/wp-json\/wp\/v2\/media?parent=1156"}],"wp:term":[{"taxonomy":"product_brand","embeddable":true,"href":"https:\/\/www.zeus-braun.sk\/index.php\/wp-json\/wp\/v2\/product_brand?post=1156"},{"taxonomy":"product_cat","embeddable":true,"href":"https:\/\/www.zeus-braun.sk\/index.php\/wp-json\/wp\/v2\/product_cat?post=1156"},{"taxonomy":"product_tag","embeddable":true,"href":"https:\/\/www.zeus-braun.sk\/index.php\/wp-json\/wp\/v2\/product_tag?post=1156"}],"curies":[{"name":"wp","href":"https:\/\/api.w.org\/{rel}","templated":true}]}}