{"id":1139,"date":"2021-06-08T13:55:53","date_gmt":"2021-06-08T11:55:53","guid":{"rendered":"https:\/\/www.zeus-braun.sk\/?post_type=product&#038;p=1139"},"modified":"2026-01-07T12:43:17","modified_gmt":"2026-01-07T11:43:17","slug":"f028908-ruby-ruby","status":"publish","type":"product","link":"https:\/\/www.zeus-braun.sk\/index.php\/produkt\/f028908-ruby-ruby\/","title":{"rendered":"Transfer f\u00f3lia  F028908"},"content":{"rendered":"<p>Transferov\u00fd list s potla\u010dou na b\u00e1ze farebn\u00e9ho kakaov\u00e9ho masla na \u010dokol\u00e1du.<\/p>\n<p>N\u00e1vod na pou\u017eitie: Transferov\u00fd list m\u00f4\u017eeme pou\u017ei\u0165 cel\u00fd, alebo si z neho strih\u00e1me po\u017eadovan\u00e9 tvary do foriem na pralinky. \u010cokol\u00e1du pred vylievan\u00edm nakry\u0161talizujeme, inak sa sa vzor od f\u00f3lie neodlep\u00ed a v\u00fdsledn\u00e1 dekor\u00e1cia nebude tak prec\u00edzna ako je vzor na dekora\u010dnej f\u00f3lii. Po \u010diasto\u010dnom zatuhnut\u00ed \u010dokol\u00e1dy, je mo\u017en\u00e9 ostr\u00fdm no\u017eom narez\u00e1va\u0165 na \u017eiadan\u00fa ve\u013ekos\u0165 \u010di tvar, pr\u00edpadne s pom\u00f4ckami vytvarova\u0165 na \u0161pir\u00e1ly a in\u00e9 tvary.<\/p>\n<p>&nbsp;<\/p>\n<p>&nbsp;<\/p>\n<p>&nbsp;<\/p>\n<p>&nbsp;<\/p>\n","protected":false},"excerpt":{"rendered":"<p>Jednofarebn\u00e1 potla\u010dov\u00e1 f\u00f3lia na \u010dokol\u00e1du.<\/p>\n<p>Rozmer f\u00f3lie: 30 x 40 cm<\/p>\n<p><strong>Balenie<\/strong>: 1ks<\/p>\n","protected":false},"featured_media":11176,"comment_status":"open","ping_status":"closed","template":"","meta":[],"product_brand":[],"product_cat":[240,224,106,107],"product_tag":[95],"class_list":{"0":"post-1139","1":"product","2":"type-product","3":"status-publish","4":"has-post-thumbnail","6":"product_cat-240","7":"product_cat-frontpage","8":"product_cat-folie","9":"product_cat-jednofarebne-folie","10":"product_tag-ibc-belgium","11":"has-post-title","12":"has-post-date","13":"has-post-category","14":"has-post-tag","15":"has-post-comment","16":"has-post-author","17":"","19":"first","20":"instock","21":"taxable","22":"shipping-taxable","23":"purchasable","24":"product-type-simple"},"jetpack_sharing_enabled":true,"builder_content":"","_links":{"self":[{"href":"https:\/\/www.zeus-braun.sk\/index.php\/wp-json\/wp\/v2\/product\/1139","targetHints":{"allow":["GET"]}}],"collection":[{"href":"https:\/\/www.zeus-braun.sk\/index.php\/wp-json\/wp\/v2\/product"}],"about":[{"href":"https:\/\/www.zeus-braun.sk\/index.php\/wp-json\/wp\/v2\/types\/product"}],"replies":[{"embeddable":true,"href":"https:\/\/www.zeus-braun.sk\/index.php\/wp-json\/wp\/v2\/comments?post=1139"}],"wp:featuredmedia":[{"embeddable":true,"href":"https:\/\/www.zeus-braun.sk\/index.php\/wp-json\/wp\/v2\/media\/11176"}],"wp:attachment":[{"href":"https:\/\/www.zeus-braun.sk\/index.php\/wp-json\/wp\/v2\/media?parent=1139"}],"wp:term":[{"taxonomy":"product_brand","embeddable":true,"href":"https:\/\/www.zeus-braun.sk\/index.php\/wp-json\/wp\/v2\/product_brand?post=1139"},{"taxonomy":"product_cat","embeddable":true,"href":"https:\/\/www.zeus-braun.sk\/index.php\/wp-json\/wp\/v2\/product_cat?post=1139"},{"taxonomy":"product_tag","embeddable":true,"href":"https:\/\/www.zeus-braun.sk\/index.php\/wp-json\/wp\/v2\/product_tag?post=1139"}],"curies":[{"name":"wp","href":"https:\/\/api.w.org\/{rel}","templated":true}]}}