{"id":11254,"date":"2022-12-16T11:00:55","date_gmt":"2022-12-16T10:00:55","guid":{"rendered":"https:\/\/www.zeus-braun.sk\/index.php\/produkt\/folia-na-dezerty-20x5cm-1000ks\/"},"modified":"2026-04-24T14:05:15","modified_gmt":"2026-04-24T12:05:15","slug":"folia-na-dezerty-20x5cm-1000ks","status":"publish","type":"product","link":"https:\/\/www.zeus-braun.sk\/index.php\/produkt\/folia-na-dezerty-20x5cm-1000ks\/","title":{"rendered":"Acet\u00e1tov\u00e1 f\u00f3lia na dezerty 20x5cm \/1000ks\/"},"content":{"rendered":"<p>Priesvitn\u00e1 acet\u00e1tov\u00e1 f\u00f3lia, narezan\u00e1 v rozmere 20x5cm\/1000ks<\/p>\n<p>Vhodn\u00e1 na v\u00fdrobu chladen\u00fdch zalievan\u00fdch tortov\u00fdch rezov alebo monoporcii dezertov v plastov\u00fdch alebo silik\u00f3nov\u00fdch form\u00e1ch pre jednoduch\u0161ie serv\u00edrovanie. Vhodn\u00e9 aj na oddelovanie tortov\u00fdch rezov pred serv\u00edrovan\u00edm, zabra\u0148uje obsch\u00fdnaniu dezertov.<\/p>\n","protected":false},"excerpt":{"rendered":"<div class=\"col-sm-8\">\n<div class=\"tab-content\">\n<div id=\"tab-description\" class=\"tab-pane active\">\n<p>Priesvitn\u00e1 acet\u00e1tov\u00e1 f\u00f3lia, narezan\u00e1 v rozmere 20x5cm.<\/p>\n<p><strong>Balenie: 1000ks<\/strong><\/p>\n<\/div>\n<\/div>\n<\/div>\n<div class=\"col-sm-4\">\n<div class=\"btn-group\"><\/div>\n<\/div>\n","protected":false},"featured_media":11252,"comment_status":"closed","ping_status":"closed","template":"","meta":[],"product_brand":[],"product_cat":[240,106,82,108],"product_tag":[95],"class_list":{"0":"post-11254","1":"product","2":"type-product","3":"status-publish","4":"has-post-thumbnail","6":"product_cat-240","7":"product_cat-folie","8":"product_cat-pomocky","9":"product_cat-na-dezerty","10":"product_tag-ibc-belgium","11":"has-post-title","12":"has-post-date","13":"has-post-category","14":"has-post-tag","15":"has-post-comment","16":"has-post-author","17":"","19":"first","20":"instock","21":"taxable","22":"shipping-taxable","23":"purchasable","24":"product-type-simple"},"jetpack_sharing_enabled":true,"builder_content":"","_links":{"self":[{"href":"https:\/\/www.zeus-braun.sk\/index.php\/wp-json\/wp\/v2\/product\/11254","targetHints":{"allow":["GET"]}}],"collection":[{"href":"https:\/\/www.zeus-braun.sk\/index.php\/wp-json\/wp\/v2\/product"}],"about":[{"href":"https:\/\/www.zeus-braun.sk\/index.php\/wp-json\/wp\/v2\/types\/product"}],"replies":[{"embeddable":true,"href":"https:\/\/www.zeus-braun.sk\/index.php\/wp-json\/wp\/v2\/comments?post=11254"}],"wp:featuredmedia":[{"embeddable":true,"href":"https:\/\/www.zeus-braun.sk\/index.php\/wp-json\/wp\/v2\/media\/11252"}],"wp:attachment":[{"href":"https:\/\/www.zeus-braun.sk\/index.php\/wp-json\/wp\/v2\/media?parent=11254"}],"wp:term":[{"taxonomy":"product_brand","embeddable":true,"href":"https:\/\/www.zeus-braun.sk\/index.php\/wp-json\/wp\/v2\/product_brand?post=11254"},{"taxonomy":"product_cat","embeddable":true,"href":"https:\/\/www.zeus-braun.sk\/index.php\/wp-json\/wp\/v2\/product_cat?post=11254"},{"taxonomy":"product_tag","embeddable":true,"href":"https:\/\/www.zeus-braun.sk\/index.php\/wp-json\/wp\/v2\/product_tag?post=11254"}],"curies":[{"name":"wp","href":"https:\/\/api.w.org\/{rel}","templated":true}]}}