{"id":11181,"date":"2021-09-29T10:00:57","date_gmt":"2021-09-29T08:00:57","guid":{"rendered":"https:\/\/www.zeus-braun.sk\/index.php\/produkt\/struhana-cokolada-extra-horka-1kg-2\/"},"modified":"2026-04-24T14:08:20","modified_gmt":"2026-04-24T12:08:20","slug":"struhana-cokolada-extra-horka-1kg","status":"publish","type":"product","link":"https:\/\/www.zeus-braun.sk\/index.php\/produkt\/struhana-cokolada-extra-horka-1kg\/","title":{"rendered":"Callebaut str\u00fahan\u00e1 \u010dokol\u00e1da hork\u00e1 62% 1kg n\u00e1hradn\u00e9 balenie"},"content":{"rendered":"<p>Prav\u00e1 belgick\u00e1 \u010dokol\u00e1da Callebaut nastr\u00fahan\u00e1 na jemn\u00fa dr\u0165 pre jednoduch\u00e9 rozt\u00e1panie. Vyv\u00e1\u017een\u00e1 hork\u00e1 chu\u0165ou kakaa, s ide\u00e1lnou viskozitou, \u00a0vhodn\u00e1 na pr\u00edpravu \u010dokol\u00e1dy na pitie alebo na zmrzlinu.<\/p>\n<p><span style=\"font-family: Arial\">cca 16 porcii, doba pr\u00edpravy 30 sek\u00fand.<\/span><\/p>\n<p><span style=\"font-family: Arial\"><b>D\u00e1vkovanie:\u00a0<\/b>35 \u2013 50 gramov (1,5 \u2013 2 odmerky) str\u00fahanej \u010dokol\u00e1dy na 200 ml mlieka<br \/>\nZ jedn\u00e9ho balenia (1 kg) str\u00fahanej \u010dokol\u00e1dy je mo\u017en\u00e9 vyrobi\u0165 4\u00a0\u2013\u00a06 litrov hor\u00facej \u010dokol\u00e1dy.<\/span><\/p>\n<div><b>\u00a0<\/b><\/div>\n<div><b>Podmienky skladovania<\/b><\/div>\n<div>Produkt skladujte v \u010distom a suchom prostred\u00ed (relat\u00edvna vlhkos\u0165 vzduchu max. 70%) a bez z\u00e1pachu.<\/div>\n<div>Skladovacia teplota: 12 &#8211; 20\u00b0C<\/div>\n","protected":false},"excerpt":{"rendered":"<p>Prav\u00e1 belgick\u00e1 \u010dokol\u00e1da Callebaut s bohatou horkou chu\u0165ou kakaa, s ide\u00e1lnou viskozitou vhodn\u00e1 na pr\u00edpravu \u010dokol\u00e1dy na pitie alebo na zmrzlinu.<\/p>\n<p><b><span style=\"font-family: Arial\">Balenie: \u010dokol\u00e1dov\u00e1 str\u00fahanka 1 kg\u00a0<\/span><\/b><br \/>\n(obr\u00e1zok je ilustra\u010dn\u00fd, dod\u00e1vame v n\u00e1hradnom balen\u00ed)<\/p>\n","protected":false},"featured_media":11153,"comment_status":"closed","ping_status":"closed","template":"","meta":[],"product_brand":[],"product_cat":[240,59,69,113],"product_tag":[57],"class_list":{"0":"post-11181","1":"product","2":"type-product","3":"status-publish","4":"has-post-thumbnail","6":"product_cat-240","7":"product_cat-cokolada-callebaut","8":"product_cat-horuca-cokolada","9":"product_cat-struhana-cokolada","10":"product_tag-barry-callebaut","11":"has-post-title","12":"has-post-date","13":"has-post-category","14":"has-post-tag","15":"has-post-comment","16":"has-post-author","17":"","19":"first","20":"instock","21":"taxable","22":"shipping-taxable","23":"purchasable","24":"product-type-simple"},"jetpack_sharing_enabled":true,"builder_content":"","_links":{"self":[{"href":"https:\/\/www.zeus-braun.sk\/index.php\/wp-json\/wp\/v2\/product\/11181","targetHints":{"allow":["GET"]}}],"collection":[{"href":"https:\/\/www.zeus-braun.sk\/index.php\/wp-json\/wp\/v2\/product"}],"about":[{"href":"https:\/\/www.zeus-braun.sk\/index.php\/wp-json\/wp\/v2\/types\/product"}],"replies":[{"embeddable":true,"href":"https:\/\/www.zeus-braun.sk\/index.php\/wp-json\/wp\/v2\/comments?post=11181"}],"wp:featuredmedia":[{"embeddable":true,"href":"https:\/\/www.zeus-braun.sk\/index.php\/wp-json\/wp\/v2\/media\/11153"}],"wp:attachment":[{"href":"https:\/\/www.zeus-braun.sk\/index.php\/wp-json\/wp\/v2\/media?parent=11181"}],"wp:term":[{"taxonomy":"product_brand","embeddable":true,"href":"https:\/\/www.zeus-braun.sk\/index.php\/wp-json\/wp\/v2\/product_brand?post=11181"},{"taxonomy":"product_cat","embeddable":true,"href":"https:\/\/www.zeus-braun.sk\/index.php\/wp-json\/wp\/v2\/product_cat?post=11181"},{"taxonomy":"product_tag","embeddable":true,"href":"https:\/\/www.zeus-braun.sk\/index.php\/wp-json\/wp\/v2\/product_tag?post=11181"}],"curies":[{"name":"wp","href":"https:\/\/api.w.org\/{rel}","templated":true}]}}