{"id":108,"date":"2020-10-14T15:26:31","date_gmt":"2020-10-14T13:26:31","guid":{"rendered":"https:\/\/www.zeus-braun.sk\/?post_type=product&#038;p=108"},"modified":"2026-04-24T14:06:10","modified_gmt":"2026-04-24T12:06:10","slug":"dp-mocca","status":"publish","type":"product","link":"https:\/\/www.zeus-braun.sk\/index.php\/produkt\/dp-mocca\/","title":{"rendered":"Dezert pasta Mocca"},"content":{"rendered":"<div>Dezertn\u00e9 pasty s\u00fa ur\u010den\u00e9 na dochucovanie plniek, \u0161\u013eaha\u010diek, ciest, zmrzl\u00edn, mie\u0161an\u00fdch poh\u00e1rov.<\/div>\n<div>S\u00fa vyroben\u00e9 na pr\u00edrodnej b\u00e1ze bez chemick\u00fdch konzervantov.<\/div>\n<div>\n<pre id=\"tw-target-text\" class=\"tw-data-text tw-text-large tw-ta\" data-placeholder=\"Preklad\"><span lang=\"sk\">D\u00e1vkovanie: 40 - 60: 1000<\/span><\/pre>\n<\/div>\n<div>Vyroben\u00e9 z najlep\u0161\u00edch druhov k\u00e1vy.<b><br \/>\n<\/b><\/div>\n<div><\/div>\n<p><b>Podmienky skladovania:<\/b><\/p>\n<p>skladova\u0165 do max. 20 \u00b0 C v suchom, uzavretom priestore, v p\u00f4vodnom obale, chr\u00e1\u0148te pred mrazom a priamym slne\u010dn\u00fdm svetlom.<\/p>\n<!--themify_builder_content-->\n<div id=\"themify_builder_content-108\" data-postid=\"108\" class=\"themify_builder_content themify_builder_content-108 themify_builder tf_clear\">\n    <\/div>\n<!--\/themify_builder_content-->\n","protected":false},"excerpt":{"rendered":"<div>Dezertn\u00e9 pasty s\u00fa ur\u010den\u00e9 na dochucovanie plniek, \u0161\u013eaha\u010diek, ciest, zmrzl\u00edn, mie\u0161an\u00fdch poh\u00e1rov.<\/div>\n<div>S\u00fa vyroben\u00e9 na pr\u00edrodnej b\u00e1ze bez chemick\u00fdch konzervantov.<\/div>\n<div><\/div>\n<div>Vyroben\u00e9 z najlep\u0161\u00edch druhov k\u00e1vy.<\/div>\n<div><b>\u00a0<\/b><\/div>\n<div><b>Balenie: 1kg<\/b><\/div>\n<p>&nbsp;<\/p>\n","protected":false},"featured_media":14449,"comment_status":"closed","ping_status":"closed","template":"","meta":[],"product_brand":[],"product_cat":[240,45],"product_tag":[33],"class_list":{"0":"post-108","1":"product","2":"type-product","3":"status-publish","4":"has-post-thumbnail","6":"product_cat-240","7":"product_cat-dezertne-pasty","8":"product_tag-martin-braun-kg","9":"has-post-title","10":"has-post-date","11":"has-post-category","12":"has-post-tag","13":"has-post-comment","14":"has-post-author","15":"","17":"first","18":"instock","19":"taxable","20":"shipping-taxable","21":"purchasable","22":"product-type-simple"},"jetpack_sharing_enabled":true,"builder_content":"","_links":{"self":[{"href":"https:\/\/www.zeus-braun.sk\/index.php\/wp-json\/wp\/v2\/product\/108","targetHints":{"allow":["GET"]}}],"collection":[{"href":"https:\/\/www.zeus-braun.sk\/index.php\/wp-json\/wp\/v2\/product"}],"about":[{"href":"https:\/\/www.zeus-braun.sk\/index.php\/wp-json\/wp\/v2\/types\/product"}],"replies":[{"embeddable":true,"href":"https:\/\/www.zeus-braun.sk\/index.php\/wp-json\/wp\/v2\/comments?post=108"}],"wp:featuredmedia":[{"embeddable":true,"href":"https:\/\/www.zeus-braun.sk\/index.php\/wp-json\/wp\/v2\/media\/14449"}],"wp:attachment":[{"href":"https:\/\/www.zeus-braun.sk\/index.php\/wp-json\/wp\/v2\/media?parent=108"}],"wp:term":[{"taxonomy":"product_brand","embeddable":true,"href":"https:\/\/www.zeus-braun.sk\/index.php\/wp-json\/wp\/v2\/product_brand?post=108"},{"taxonomy":"product_cat","embeddable":true,"href":"https:\/\/www.zeus-braun.sk\/index.php\/wp-json\/wp\/v2\/product_cat?post=108"},{"taxonomy":"product_tag","embeddable":true,"href":"https:\/\/www.zeus-braun.sk\/index.php\/wp-json\/wp\/v2\/product_tag?post=108"}],"curies":[{"name":"wp","href":"https:\/\/api.w.org\/{rel}","templated":true}]}}