{"id":1076,"date":"2021-04-07T16:00:36","date_gmt":"2021-04-07T14:00:36","guid":{"rendered":"https:\/\/www.zeus-braun.sk\/?post_type=product&#038;p=1076"},"modified":"2026-04-24T14:10:00","modified_gmt":"2026-04-24T12:10:00","slug":"zephyr-biela-cokolada-34-cacao-barry","status":"publish","type":"product","link":"https:\/\/www.zeus-braun.sk\/index.php\/produkt\/zephyr-biela-cokolada-34-cacao-barry\/","title":{"rendered":"Zephyr biela 1kg"},"content":{"rendered":"<p>Z\u00e9phyr\u2122 34% biela \u010dokol\u00e1da je celosvetovo presl\u00e1ven\u00e1 \u0161\u00e9fcukr\u00e1rmi pre jej jedine\u010dn\u00fd charakter, pr\u00edjemn\u00fa chu\u0165 mlieka so \u0161tipkou sladkosti a kr\u00e9mov\u00fa konzistenciu.<\/p>\n<p><img loading=\"lazy\" decoding=\"async\" class=\"alignnone size-medium wp-image-19360\" src=\"https:\/\/www.cokolady.sk\/wp-content\/uploads\/2021\/04\/Snimka-obrazovky-2024-03-04-120831-300x126.png\" alt=\"\" width=\"300\" height=\"126\" \/><\/p>\n<p><img loading=\"lazy\" decoding=\"async\" class=\"alignnone size-medium wp-image-19364\" src=\"https:\/\/www.cokolady.sk\/wp-content\/uploads\/2021\/04\/zephyr-biela-274x300.png\" alt=\"\" width=\"274\" height=\"300\" \/><\/p>\n<div><strong>Podmienky skladovania<\/strong><\/div>\n<div>Produkt skladujte v \u010distom a suchom prostred\u00ed (relat\u00edvna vlhkos\u0165 vzduchu max. 70%) a bez z\u00e1pachu.<\/div>\n<div>Skladovacia teplota: 12 &#8211; 20\u00b0C<\/div>\n<p>&nbsp;<\/p>\n","protected":false},"excerpt":{"rendered":"<p>Exkluz\u00edvna biela \u010dokol\u00e1da Z\u00e9phyr\u2122. B\u00f4by zo z\u00e1padnej \u010dasti Afriky, najm\u00e4 druh Forastero.<br \/>\nAk nie je na sklade, produkt je iba na objedn\u00e1vku, \u0161tandardn\u00e9 dodanie 3-4 t\u00fd\u017edne.<\/p>\n<p><strong>Balenie: <b><span style=\"font-family: Arial\">drobn\u00e9 kvap\u00f4\u010dky (Callets) <\/span><\/b>1kg\u00a0<\/strong><\/p>\n","protected":false},"featured_media":13074,"comment_status":"open","ping_status":"closed","template":"","meta":[],"product_brand":[],"product_cat":[240,163],"product_tag":[128],"class_list":{"0":"post-1076","1":"product","2":"type-product","3":"status-publish","4":"has-post-thumbnail","6":"product_cat-240","7":"product_cat-cokolada_cacao_barry","8":"product_tag-cacao-barry","9":"has-post-title","10":"has-post-date","11":"has-post-category","12":"has-post-tag","13":"has-post-comment","14":"has-post-author","15":"","17":"first","18":"instock","19":"taxable","20":"shipping-taxable","21":"purchasable","22":"product-type-simple"},"jetpack_sharing_enabled":true,"builder_content":"","_links":{"self":[{"href":"https:\/\/www.zeus-braun.sk\/index.php\/wp-json\/wp\/v2\/product\/1076","targetHints":{"allow":["GET"]}}],"collection":[{"href":"https:\/\/www.zeus-braun.sk\/index.php\/wp-json\/wp\/v2\/product"}],"about":[{"href":"https:\/\/www.zeus-braun.sk\/index.php\/wp-json\/wp\/v2\/types\/product"}],"replies":[{"embeddable":true,"href":"https:\/\/www.zeus-braun.sk\/index.php\/wp-json\/wp\/v2\/comments?post=1076"}],"wp:featuredmedia":[{"embeddable":true,"href":"https:\/\/www.zeus-braun.sk\/index.php\/wp-json\/wp\/v2\/media\/13074"}],"wp:attachment":[{"href":"https:\/\/www.zeus-braun.sk\/index.php\/wp-json\/wp\/v2\/media?parent=1076"}],"wp:term":[{"taxonomy":"product_brand","embeddable":true,"href":"https:\/\/www.zeus-braun.sk\/index.php\/wp-json\/wp\/v2\/product_brand?post=1076"},{"taxonomy":"product_cat","embeddable":true,"href":"https:\/\/www.zeus-braun.sk\/index.php\/wp-json\/wp\/v2\/product_cat?post=1076"},{"taxonomy":"product_tag","embeddable":true,"href":"https:\/\/www.zeus-braun.sk\/index.php\/wp-json\/wp\/v2\/product_tag?post=1076"}],"curies":[{"name":"wp","href":"https:\/\/api.w.org\/{rel}","templated":true}]}}