{"id":1075,"date":"2021-04-07T23:11:16","date_gmt":"2021-04-07T21:11:16","guid":{"rendered":"https:\/\/www.zeus-braun.sk\/?post_type=product&#038;p=1075"},"modified":"2026-04-24T14:09:09","modified_gmt":"2026-04-24T12:09:09","slug":"zephyr-caramel-35-cacao-barry","status":"publish","type":"product","link":"https:\/\/www.zeus-braun.sk\/index.php\/produkt\/zephyr-caramel-35-cacao-barry\/","title":{"rendered":"Zephyr Caramel 2,5kg"},"content":{"rendered":"<p>Z\u00e9phyr\u2122 Caramel 35% m\u00e1 v\u0161etky charakteristiky Z\u00e9phyr\u2122 34% bielej \u010dokol\u00e1dy ale s pridan\u00edm mlie\u010dnej karamelovej chuti a o\u010daruj\u00facich jemne slan\u00fdch maslov\u00fdch t\u00f3nov.<\/p>\n<p><img loading=\"lazy\" decoding=\"async\" class=\"alignnone size-medium wp-image-19359\" src=\"https:\/\/www.cokolady.sk\/wp-content\/uploads\/2021\/04\/Snimka-obrazovky-2024-03-04-120143-300x126.png\" alt=\"\" width=\"300\" height=\"126\" \/><\/p>\n<p>&nbsp;<\/p>\n<div><strong>Podmienky skladovania<\/strong><\/div>\n<div>Produkt skladujte v \u010distom a suchom prostred\u00ed (relat\u00edvna vlhkos\u0165 vzduchu max. 70%) a bez z\u00e1pachu.<\/div>\n<div>Skladovacia teplota: 12 &#8211; 20\u00b0C<\/div>\n","protected":false},"excerpt":{"rendered":"<p>Exkluz\u00edvna karamelov\u00e1 \u010dokol\u00e1da Z\u00e9phyr\u2122<\/p>\n<p><strong>Balenie: <b><span style=\"font-family: Arial\">drobn\u00e9 kvap\u00f4\u010dky (Callets) <\/span><\/b>2,5kg<\/strong><\/p>\n","protected":false},"featured_media":11112,"comment_status":"open","ping_status":"closed","template":"","meta":[],"product_brand":[],"product_cat":[240,163],"product_tag":[128],"class_list":{"0":"post-1075","1":"product","2":"type-product","3":"status-publish","4":"has-post-thumbnail","6":"product_cat-240","7":"product_cat-cokolada_cacao_barry","8":"product_tag-cacao-barry","9":"has-post-title","10":"has-post-date","11":"has-post-category","12":"has-post-tag","13":"has-post-comment","14":"has-post-author","15":"","17":"first","18":"outofstock","19":"taxable","20":"shipping-taxable","21":"purchasable","22":"product-type-simple"},"jetpack_sharing_enabled":true,"builder_content":"","_links":{"self":[{"href":"https:\/\/www.zeus-braun.sk\/index.php\/wp-json\/wp\/v2\/product\/1075","targetHints":{"allow":["GET"]}}],"collection":[{"href":"https:\/\/www.zeus-braun.sk\/index.php\/wp-json\/wp\/v2\/product"}],"about":[{"href":"https:\/\/www.zeus-braun.sk\/index.php\/wp-json\/wp\/v2\/types\/product"}],"replies":[{"embeddable":true,"href":"https:\/\/www.zeus-braun.sk\/index.php\/wp-json\/wp\/v2\/comments?post=1075"}],"wp:featuredmedia":[{"embeddable":true,"href":"https:\/\/www.zeus-braun.sk\/index.php\/wp-json\/wp\/v2\/media\/11112"}],"wp:attachment":[{"href":"https:\/\/www.zeus-braun.sk\/index.php\/wp-json\/wp\/v2\/media?parent=1075"}],"wp:term":[{"taxonomy":"product_brand","embeddable":true,"href":"https:\/\/www.zeus-braun.sk\/index.php\/wp-json\/wp\/v2\/product_brand?post=1075"},{"taxonomy":"product_cat","embeddable":true,"href":"https:\/\/www.zeus-braun.sk\/index.php\/wp-json\/wp\/v2\/product_cat?post=1075"},{"taxonomy":"product_tag","embeddable":true,"href":"https:\/\/www.zeus-braun.sk\/index.php\/wp-json\/wp\/v2\/product_tag?post=1075"}],"curies":[{"name":"wp","href":"https:\/\/api.w.org\/{rel}","templated":true}]}}