{"id":10426,"date":"2022-10-03T11:54:12","date_gmt":"2022-10-03T09:54:12","guid":{"rendered":"https:\/\/www.zeus-braun.sk\/?post_type=product&#038;p=10426"},"modified":"2026-04-30T14:08:14","modified_gmt":"2026-04-30T12:08:14","slug":"luxusna-krabicka-na-32ks-praliniek","status":"publish","type":"product","link":"https:\/\/www.zeus-braun.sk\/index.php\/produkt\/luxusna-krabicka-na-32ks-praliniek\/","title":{"rendered":"Krabi\u010dka poschodov\u00e1 box \u010dierna na 32ks"},"content":{"rendered":"<p>Luxusn\u00e1 krabi\u010dka na pralinky alebo truffle.<\/p>\n<p>Rozmer: 14x14cm<br \/>\nV\u00fd\u0161ka: 7cm<\/p>\n<!--themify_builder_content-->\n<div id=\"themify_builder_content-10426\" data-postid=\"10426\" class=\"themify_builder_content themify_builder_content-10426 themify_builder tf_clear\">\n    <\/div>\n<!--\/themify_builder_content-->\n","protected":false},"excerpt":{"rendered":"<p>Rozmer: 14x14cm<br \/>\nV\u00fd\u0161ka: 7cm<\/p>\n<p><b>Balenie: 1 ks na cca 32 praliniek<\/b><\/p>\n<p>&nbsp;<\/p>\n","protected":false},"featured_media":10893,"comment_status":"closed","ping_status":"closed","template":"","meta":[],"product_brand":[],"product_cat":[240,236,82,111],"product_tag":[],"class_list":{"0":"post-10426","1":"product","2":"type-product","3":"status-publish","4":"has-post-thumbnail","6":"product_cat-240","7":"product_cat-pomocky-na-cokoladu","8":"product_cat-pomocky","9":"product_cat-krabicky","10":"has-post-title","11":"has-post-date","12":"has-post-category","13":"has-post-tag","14":"has-post-comment","15":"has-post-author","16":"","18":"first","19":"instock","20":"taxable","21":"shipping-taxable","22":"purchasable","23":"product-type-simple"},"jetpack_sharing_enabled":true,"builder_content":"","_links":{"self":[{"href":"https:\/\/www.zeus-braun.sk\/index.php\/wp-json\/wp\/v2\/product\/10426","targetHints":{"allow":["GET"]}}],"collection":[{"href":"https:\/\/www.zeus-braun.sk\/index.php\/wp-json\/wp\/v2\/product"}],"about":[{"href":"https:\/\/www.zeus-braun.sk\/index.php\/wp-json\/wp\/v2\/types\/product"}],"replies":[{"embeddable":true,"href":"https:\/\/www.zeus-braun.sk\/index.php\/wp-json\/wp\/v2\/comments?post=10426"}],"wp:featuredmedia":[{"embeddable":true,"href":"https:\/\/www.zeus-braun.sk\/index.php\/wp-json\/wp\/v2\/media\/10893"}],"wp:attachment":[{"href":"https:\/\/www.zeus-braun.sk\/index.php\/wp-json\/wp\/v2\/media?parent=10426"}],"wp:term":[{"taxonomy":"product_brand","embeddable":true,"href":"https:\/\/www.zeus-braun.sk\/index.php\/wp-json\/wp\/v2\/product_brand?post=10426"},{"taxonomy":"product_cat","embeddable":true,"href":"https:\/\/www.zeus-braun.sk\/index.php\/wp-json\/wp\/v2\/product_cat?post=10426"},{"taxonomy":"product_tag","embeddable":true,"href":"https:\/\/www.zeus-braun.sk\/index.php\/wp-json\/wp\/v2\/product_tag?post=10426"}],"curies":[{"name":"wp","href":"https:\/\/api.w.org\/{rel}","templated":true}]}}