{"id":1041,"date":"2021-03-31T10:44:42","date_gmt":"2021-03-31T08:44:42","guid":{"rendered":"https:\/\/www.zeus-braun.sk\/?post_type=product&#038;p=1041"},"modified":"2026-04-24T14:09:24","modified_gmt":"2026-04-24T12:09:24","slug":"spicka-splostena-slza-3x17mm-bx1303","status":"publish","type":"product","link":"https:\/\/www.zeus-braun.sk\/index.php\/produkt\/spicka-splostena-slza-3x17mm-bx1303\/","title":{"rendered":"\u0160pi\u010dka splo\u0161ten\u00e1 slza 3x17mm,BX1303"},"content":{"rendered":"<div class=\"col-sm-8\">\n<div class=\"tab-content\">\n<div id=\"tab-description\" class=\"tab-pane active\">\n<p>D\u00fdzy z nehrdzavej\u00facej ocele, bez \u0161vov a s rovnou hranou.<br \/>\nIde\u00e1lne na zdobenie kol\u00e1\u010dov a na v\u00fdrobu stuhy na vrchu \u00e9clairu.<br \/>\nSiln\u00fd a odoln\u00fd: s\u00fa ide\u00e1lne na \u0165a\u017ek\u00e9 pou\u017eitie.<br \/>\nNedeformovate\u013en\u00e9 a robustn\u00e9, vydr\u017eia vysok\u00e9 teploty.<br \/>\nPresn\u00e1 a elegantn\u00e1 povrchov\u00e1 \u00faprava pre jemn\u00fa pr\u00e1cu a kvalitnej\u0161\u00ed v\u00fdsledok.<\/p>\n<p>Prisp\u00f4sobuj\u00fa sa v\u0161etk\u00fdm typom vreciek na pe\u010divo.<br \/>\nStarostlivos\u0165: um\u00fdvate\u013en\u00e9 v um\u00fdva\u010dke riadu.<\/p>\n<\/div>\n<\/div>\n<\/div>\n","protected":false},"excerpt":{"rendered":"<p>Pevn\u00e1 okr\u00fahla nerezov\u00e1 \u0161pi\u010dka zna\u010dky MARTELLATO na plnenie a zdobenie dezetov a t\u00f4rt.<\/p>\n<p>Rozmer: dl\u017eka 4,5 cm, hr\u00fabka 3 mm , \u0161\u00edrka 17mm<\/p>\n<p><strong>Mno\u017estvo: 1ks<\/strong><\/p>\n","protected":false},"featured_media":11276,"comment_status":"closed","ping_status":"closed","template":"","meta":[],"product_brand":[],"product_cat":[240,82,83],"product_tag":[86],"class_list":{"0":"post-1041","1":"product","2":"type-product","3":"status-publish","4":"has-post-thumbnail","6":"product_cat-240","7":"product_cat-pomocky","8":"product_cat-vrecka-a-spicky","9":"product_tag-martellato","10":"has-post-title","11":"has-post-date","12":"has-post-category","13":"has-post-tag","14":"has-post-comment","15":"has-post-author","16":"","18":"first","19":"instock","20":"taxable","21":"shipping-taxable","22":"purchasable","23":"product-type-simple"},"jetpack_sharing_enabled":true,"builder_content":"","_links":{"self":[{"href":"https:\/\/www.zeus-braun.sk\/index.php\/wp-json\/wp\/v2\/product\/1041","targetHints":{"allow":["GET"]}}],"collection":[{"href":"https:\/\/www.zeus-braun.sk\/index.php\/wp-json\/wp\/v2\/product"}],"about":[{"href":"https:\/\/www.zeus-braun.sk\/index.php\/wp-json\/wp\/v2\/types\/product"}],"replies":[{"embeddable":true,"href":"https:\/\/www.zeus-braun.sk\/index.php\/wp-json\/wp\/v2\/comments?post=1041"}],"wp:featuredmedia":[{"embeddable":true,"href":"https:\/\/www.zeus-braun.sk\/index.php\/wp-json\/wp\/v2\/media\/11276"}],"wp:attachment":[{"href":"https:\/\/www.zeus-braun.sk\/index.php\/wp-json\/wp\/v2\/media?parent=1041"}],"wp:term":[{"taxonomy":"product_brand","embeddable":true,"href":"https:\/\/www.zeus-braun.sk\/index.php\/wp-json\/wp\/v2\/product_brand?post=1041"},{"taxonomy":"product_cat","embeddable":true,"href":"https:\/\/www.zeus-braun.sk\/index.php\/wp-json\/wp\/v2\/product_cat?post=1041"},{"taxonomy":"product_tag","embeddable":true,"href":"https:\/\/www.zeus-braun.sk\/index.php\/wp-json\/wp\/v2\/product_tag?post=1041"}],"curies":[{"name":"wp","href":"https:\/\/api.w.org\/{rel}","templated":true}]}}