{"id":1035,"date":"2021-03-17T13:57:04","date_gmt":"2021-03-17T12:57:04","guid":{"rendered":"https:\/\/www.zeus-braun.sk\/?post_type=product&#038;p=1035"},"modified":"2026-05-05T10:55:43","modified_gmt":"2026-05-05T08:55:43","slug":"luxury-horuca-cokolada-na-palicke-ruby","status":"publish","type":"product","link":"https:\/\/www.zeus-braun.sk\/index.php\/produkt\/luxury-horuca-cokolada-na-palicke-ruby\/","title":{"rendered":"Luxury \u010dokol\u00e1da na pitie na ly\u017ei\u010dke ruby 55g"},"content":{"rendered":"<p>Vizu\u00e1l farebnej f\u00f3lie sa m\u00f4\u017ee sez\u00f3nne meni\u0165.<\/p>\n<p><strong>Pr\u00edprava: <\/strong>\u010dokol\u00e1du na pali\u010dke vlo\u017e\u00edme do nahriatej \u0161\u00e1lky a n\u00e1sledne zalejeme hor\u00facim (80+\u00b0C) mliekom. Pomaly mie\u0161ame k\u00fdm sa \u010dokol\u00e1da nerozpust\u00ed.<\/p>\n<p><span style=\"font-family: Arial\"><b>D\u00e1vkovanie: <\/b>1ks na 50-60ml mlieka. Doba pr\u00edpravy 30 sek\u00fand.<\/span><\/p>\n<div><strong>Dekora\u010dn\u00fd vzor je sez\u00f3ny, pod\u013ea aktu\u00e1lnej ponuky.<\/strong><\/div>\n<div><\/div>\n<div><b>Podmienky skladovania<\/b><\/div>\n<div>Produkt skladujte v \u010distom a suchom prostred\u00ed (relat\u00edvna vlhkos\u0165 vzduchu max. 70%) a bez z\u00e1pachu.<\/div>\n<div>Skladovacia teplota: 12 &#8211; 20\u00b0C<\/div>\n<div><\/div>\n<div><strong>Hmotnos\u0165:<\/strong>\u00a055g\/ks<\/div>\n<!--themify_builder_content-->\n<div id=\"themify_builder_content-1035\" data-postid=\"1035\" class=\"themify_builder_content themify_builder_content-1035 themify_builder tf_clear\">\n    <\/div>\n<!--\/themify_builder_content-->\n","protected":false},"excerpt":{"rendered":"<p>100% belgick\u00e1 \u010dokol\u00e1da na pr\u00edpravu hor\u00facej \u010dokol\u00e1dy.<\/p>\n<p>Ak nie je na sklade, produkt je na objedn\u00e1vku. Nev\u00e1hajte n\u00e1s kontaktova\u0165.<\/p>\n<p><b><span style=\"font-family: Arial\">Balenie: 1ks\/55g\u00a0<\/span><\/b><\/p>\n<p>&nbsp;<\/p>\n","protected":false},"featured_media":13822,"comment_status":"closed","ping_status":"closed","template":"","meta":[],"product_brand":[],"product_cat":[240,69],"product_tag":[127],"class_list":{"0":"post-1035","1":"product","2":"type-product","3":"status-publish","4":"has-post-thumbnail","6":"product_cat-240","7":"product_cat-horuca-cokolada","8":"product_tag-cokolady-sk","9":"has-post-title","10":"has-post-date","11":"has-post-category","12":"has-post-tag","13":"has-post-comment","14":"has-post-author","15":"","17":"first","18":"outofstock","19":"taxable","20":"shipping-taxable","21":"purchasable","22":"product-type-simple"},"jetpack_sharing_enabled":true,"builder_content":"","_links":{"self":[{"href":"https:\/\/www.zeus-braun.sk\/index.php\/wp-json\/wp\/v2\/product\/1035","targetHints":{"allow":["GET"]}}],"collection":[{"href":"https:\/\/www.zeus-braun.sk\/index.php\/wp-json\/wp\/v2\/product"}],"about":[{"href":"https:\/\/www.zeus-braun.sk\/index.php\/wp-json\/wp\/v2\/types\/product"}],"replies":[{"embeddable":true,"href":"https:\/\/www.zeus-braun.sk\/index.php\/wp-json\/wp\/v2\/comments?post=1035"}],"wp:featuredmedia":[{"embeddable":true,"href":"https:\/\/www.zeus-braun.sk\/index.php\/wp-json\/wp\/v2\/media\/13822"}],"wp:attachment":[{"href":"https:\/\/www.zeus-braun.sk\/index.php\/wp-json\/wp\/v2\/media?parent=1035"}],"wp:term":[{"taxonomy":"product_brand","embeddable":true,"href":"https:\/\/www.zeus-braun.sk\/index.php\/wp-json\/wp\/v2\/product_brand?post=1035"},{"taxonomy":"product_cat","embeddable":true,"href":"https:\/\/www.zeus-braun.sk\/index.php\/wp-json\/wp\/v2\/product_cat?post=1035"},{"taxonomy":"product_tag","embeddable":true,"href":"https:\/\/www.zeus-braun.sk\/index.php\/wp-json\/wp\/v2\/product_tag?post=1035"}],"curies":[{"name":"wp","href":"https:\/\/api.w.org\/{rel}","templated":true}]}}