{"id":1030,"date":"2021-02-03T10:03:08","date_gmt":"2021-02-03T09:03:08","guid":{"rendered":"https:\/\/www.zeus-braun.sk\/?post_type=product&#038;p=1030"},"modified":"2026-04-24T14:04:58","modified_gmt":"2026-04-24T12:04:58","slug":"hobliny-male-biele-1kg","status":"publish","type":"product","link":"https:\/\/www.zeus-braun.sk\/index.php\/produkt\/hobliny-male-biele-1kg\/","title":{"rendered":"Hobliny biele 1kg"},"content":{"rendered":"<p><span style=\"color: #3b4a4b;font-family: Montserrat, Trebuchet MS, Helvetica, sans-serif\">Sto\u010den\u00e9 k\u00fasky bielej belgickej \u010dokol\u00e1dy, ktor\u00e9 prid\u00e1vaj\u00fa sviato\u010dn\u00fd a sofistikovan\u00fd vzh\u013ead ka\u017ed\u00e9mu dezertu.<\/span><\/p>\n<p><span style=\"color: #3b4a4b;font-family: Montserrat, Trebuchet MS, Helvetica, sans-serif\">V\u010faka svojmu elegantn\u00e9mu vzh\u013eadu s\u00fa tieto mal\u00e9 ku\u010dery ve\u013emi vhodn\u00e9 na zdobenie.<\/span><\/p>\n<p><span style=\"font-family: Arial\">Podmienky skladovania:\u00a0Nevystavujte priamemu slne\u010dn\u00e9mu \u017eiareniu, skladujte na suchom mieste bez v\u00f4n\u00ed a pachov, pri teplote 12 \u2013 20 \u00b0C a relat\u00edvnej vlhkosti do 70 %.<\/span><\/p>\n","protected":false},"excerpt":{"rendered":"<p><span style=\"color: #3b4a4b;font-family: Montserrat, Trebuchet MS, Helvetica, sans-serif\">Sto\u010den\u00e9 k\u00fasky bielej belgickej \u010dokol\u00e1dy, ktor\u00e9 prid\u00e1vaj\u00fa sviato\u010dn\u00fd a sofistikovan\u00fd vzh\u013ead ka\u017ed\u00e9mu dezertu.<\/span><\/p>\n<p><b><span style=\"font-family: Arial\">Balenie: 1kg\u00a0<\/span><\/b><\/p>\n<p>&nbsp;<\/p>\n","protected":false},"featured_media":11048,"comment_status":"closed","ping_status":"closed","template":"","meta":[],"product_brand":[],"product_cat":[240,156,55,56,58],"product_tag":[134],"class_list":{"0":"post-1030","1":"product","2":"type-product","3":"status-publish","4":"has-post-thumbnail","6":"product_cat-240","7":"product_cat-akcia_velka_noc","8":"product_cat-posypy-a-dekoracie","9":"product_cat-hobliny","10":"product_cat-posypy","11":"product_tag-mona-lisa","12":"has-post-title","13":"has-post-date","14":"has-post-category","15":"has-post-tag","16":"has-post-comment","17":"has-post-author","18":"","20":"first","21":"outofstock","22":"taxable","23":"shipping-taxable","24":"purchasable","25":"product-type-simple"},"jetpack_sharing_enabled":true,"builder_content":"","_links":{"self":[{"href":"https:\/\/www.zeus-braun.sk\/index.php\/wp-json\/wp\/v2\/product\/1030","targetHints":{"allow":["GET"]}}],"collection":[{"href":"https:\/\/www.zeus-braun.sk\/index.php\/wp-json\/wp\/v2\/product"}],"about":[{"href":"https:\/\/www.zeus-braun.sk\/index.php\/wp-json\/wp\/v2\/types\/product"}],"replies":[{"embeddable":true,"href":"https:\/\/www.zeus-braun.sk\/index.php\/wp-json\/wp\/v2\/comments?post=1030"}],"wp:featuredmedia":[{"embeddable":true,"href":"https:\/\/www.zeus-braun.sk\/index.php\/wp-json\/wp\/v2\/media\/11048"}],"wp:attachment":[{"href":"https:\/\/www.zeus-braun.sk\/index.php\/wp-json\/wp\/v2\/media?parent=1030"}],"wp:term":[{"taxonomy":"product_brand","embeddable":true,"href":"https:\/\/www.zeus-braun.sk\/index.php\/wp-json\/wp\/v2\/product_brand?post=1030"},{"taxonomy":"product_cat","embeddable":true,"href":"https:\/\/www.zeus-braun.sk\/index.php\/wp-json\/wp\/v2\/product_cat?post=1030"},{"taxonomy":"product_tag","embeddable":true,"href":"https:\/\/www.zeus-braun.sk\/index.php\/wp-json\/wp\/v2\/product_tag?post=1030"}],"curies":[{"name":"wp","href":"https:\/\/api.w.org\/{rel}","templated":true}]}}