{"id":1701,"date":"2020-10-19T20:47:30","date_gmt":"2020-10-19T18:47:30","guid":{"rendered":"https:\/\/www.cokolady.sk\/?page_id=1701"},"modified":"2022-05-04T11:29:31","modified_gmt":"2022-05-04T09:29:31","slug":"informacie-o-dodani","status":"publish","type":"page","link":"https:\/\/www.zeus-braun.sk\/index.php\/informacie-o-dodani\/","title":{"rendered":"Inform\u00e1cie o dodan\u00ed"},"content":{"rendered":"<h3 class=\"wp-block-heading\">Ako objedna\u0165 a na \u010do si da\u0165 pozor<\/h3>\n\n\n\n<p>Na na\u0161ich str\u00e1nkach m\u00f4\u017eete nakupova\u0165 aj bez registr\u00e1cie. Iba vypln\u00edte faktura\u010dn\u00e9 a doru\u010dovacie \u00fadaje.<\/p>\n\n\n\n<p>Nakupujete u n\u00e1s \u010dasto? V tom pr\u00edpade sa V\u00e1m registr\u00e1cia ur\u010dite oplat\u00ed. U\u017e nemus\u00edte zbyto\u010dne znovu a znovu vypl\u0148ova\u0165 \u00fadaje o doru\u010den\u00ed, I\u010cO, DI\u010c I\u010c DPH. Sta\u010d\u00ed si vybra\u0165 a objedna\u0165. Navy\u0161e m\u00e1te preh\u013ead o v\u0161etk\u00fdch rezerv\u00e1ci\u00e1ch a objedn\u00e1vkach priamo vo svojom \u00fa\u010dte.&nbsp;<strong>V pripade komplik\u00e1cii s objedn\u00e1vkou sme Vam k dispoz\u00edcii 12hod denne (8:00-20:00).<\/strong><\/p>\n\n\n\n<h3 class=\"wp-block-heading\">Platba kartou, prevodom, dobierka<\/h3>\n\n\n\n<p>Pri platbe tovaru m\u00e1te k dispoz\u00edcii hne\u010f nieko\u013eko mo\u017enost\u00ed. Chcete tovar \u010do najr\u00fdchlej\u0161ie? V tom pr\u00edpade zapla\u0165te online platobnou kartou. Nepon\u00e1h\u013eate sa alebo nem\u00e1te platobn\u00fa kartu? Je tu pre V\u00e1s mo\u017enos\u0165 zaplati\u0165 prevodom z \u00fa\u010dtu. Pri zaslan\u00ed tovaru prepravcom UPC (SPS), Z\u00e1sielkov\u0148a, Slovensk\u00e1 po\u0161ta m\u00f4\u017eete pokojne plati\u0165 a\u017e&nbsp;<strong>pri prevzat\u00ed tovaru (Dobierka)<\/strong>. Pri doru\u010dovan\u00ed cez Doprava Bratislava I-V&nbsp;<strong>nie je<\/strong>&nbsp;mo\u017ene platit kartou pri prevzat\u00ed(Dobierka)<\/p>\n\n\n\n<h3 class=\"wp-block-heading\">Doru\u010denie z\u00e1sielky<\/h3>\n\n\n\n<p>Tovar zvy\u010dajne odosielame nasleduj\u00faci pracovn\u00fd de\u0148 od vlo\u017eenia objedn\u00e1vky do syst\u00e9mu. Kedy a pod ak\u00fdm \u010d\u00edslom bude z\u00e1sielka pripraven\u00e1, V\u00e1s budeme v\u010das informova\u0165. Prepravca doru\u010duje nasleduj\u00faci de\u0148 od vyzdvihnutia z\u00e1sielky.&nbsp;<\/p>\n\n\n\n<h2 class=\"wp-block-heading\">Pracovn\u00fd \u010das internetov\u00e9ho obchodu<\/h2>\n\n\n\n<p>Spracovanie objedn\u00e1vok prebieha v pracovn\u00e9 dni od&nbsp;<strong>8:00 do 17:30<\/strong>&nbsp;hod\u00edn. Po\u010das tejto doby n\u00e1s m\u00f4\u017eete zastihn\u00fa\u0165 na emailovej adrese&nbsp;alebo&nbsp;<strong>telef\u00f3nom \u010d\u00edsle<\/strong>.<\/p>\n\n\n\n<h2 class=\"wp-block-heading\">Cena dopravy Slovensko<\/h2>\n\n\n\n<h4 class=\"wp-block-heading\">Doprava Bratislava I &#8211; V*&nbsp;<\/h4>\n\n\n\n<p>Pre region Bratislava I &#8211; V doprava 2,16\u20ac s DPH (1,8\u20ac bez DPH )pri minim\u00e1lnej objedn\u00e1vke do 40\u20ac&nbsp;<\/p>\n\n\n\n<p>Pre region Bratislava I &#8211; V doprava 1,56 \u20ac s DPH (1.,3\u20ac bez DPH )pri minim\u00e1lnej objedn\u00e1vke nad 40\u20ac<\/p>\n\n\n\n<p>(*region \u010cunovo a Zahorsk\u00e1 Bystrica nie su zahrnut\u00e9 v tejto doprave)<\/p>\n\n\n\n<h4 class=\"wp-block-heading\">PACKETA do BOXU (Z\u00e1sielkov\u0148a)<\/h4>\n\n\n\n<p>Bal\u00edky v rozsahu hmotnosti 0 a\u017e 4,5kg maj\u00fa cenu dopravy 2,30\u20ac s DPH (1,92\u20ac bez DPH )<\/p>\n\n\n\n<p>Bal\u00edky v rozsahu hmotnosti 4,5kg a\u017e 9 kg maj\u00fa cenu dopravy 5,32\u20ac s DPH (4,43\u20ac bez DPH )<\/p>\n\n\n\n<h4 class=\"wp-block-heading\">UPS (Slova Parcel Service)<\/h4>\n\n\n\n<p>Bal\u00edky v rozsahu hmotnosti 0 a\u017e 2kg maj\u00fa cenu dopravy 5,80\u20ac s DPH (4,83\u20ac bez DPH ).<\/p>\n\n\n\n<p>Bal\u00edky v rozsahu hmotnosti 2kg a\u017e 5kg maj\u00fa cenu dopravy 7,14\u20ac s DPH (5,95\u20ac bez DPH ).<\/p>\n\n\n\n<p>Bal\u00edky v rozsahu hmotnosti 5kg a\u017e 9kg maj\u00fa cenu dopravy 6,07\u20ac s DPH (5,06\u20ac bez DPH ).<\/p>\n\n\n\n<p>Bal\u00edky v rozsahu hmotnosti 9kg a\u017e 18kg maj\u00fa cenu dopravy 7,42\u20ac s DPH (6,18\u20ac bez DPH ).<\/p>\n\n\n\n<p>Bal\u00edky v rozsahu hmotnosti 18kg a\u017e 40kg maj\u00fa cenu dopravy 8,77\u20ac s DPH (7,31\u20ac bez DPH ),ka\u017ed\u00fd \u010fa\u013e\u0161\u00ed 1kg je spoplatnen\u00fd 0,54\u20ac s DPH (0,45\u20ac bez DPH ).<\/p>\n\n\n\n<h4 class=\"wp-block-heading\">Packeta Home HD (doru\u010denie k dveram\u00e1m)<\/h4>\n\n\n\n<p>Bal\u00edky v rozsahu hmotnosti 0 a\u017e 1kg maj\u00fa cenu dopravy 4,91\u20ac s DPH (4,09\u20ac bez DPH ).<\/p>\n\n\n\n<p>Bal\u00edky v rozsahu hmotnosti 1 a\u017e 2kg maj\u00fa cenu dopravy 5,60\u20ac s DPH (4.66\u20ac bez DPH ).<\/p>\n\n\n\n<p>Bal\u00edky v rozsahu hmotnosti 2 a\u017e 5kg maj\u00fa cenu dopravy 6,42\u20ac s DPH (5,35\u20ac bez DPH ).<\/p>\n\n\n\n<p>Bal\u00edky v rozsahu hmotnosti 5 a\u017e 10kg maj\u00fa cenu dopravy 8,06\u20ac s DPH (6,71\u20ac bez DPH ).<\/p>\n\n\n\n<p>Bal\u00edky v rozsahu hmotnosti 10 a\u017e 15kg maj\u00fa cenu dopravy 9,43\u20ac s DPH (7,85\u20ac bez DPH ).<\/p>\n\n\n\n<h4 class=\"wp-block-heading\">Osobn\u00fd odber&nbsp;<\/h4>\n\n\n\n<p>Osobn\u00fd odber je mo\u017en\u00fd&nbsp;<strong>len pre objedn\u00e1vky nad 500EUR<\/strong>&nbsp;po&nbsp;<strong>telefonickom<\/strong>&nbsp;dohovore.<\/p>\n\n\n\n<h2 class=\"wp-block-heading\">Cena dopravy \u010cesk\u00e1 republika<\/h2>\n\n\n\n<h4 class=\"wp-block-heading\">PACKETA do BOXU (Z\u00e1sielkov\u0148a)<\/h4>\n\n\n\n<p>Bal\u00edky v rozsahu hmotnosti 0 a\u017e 4,5kg maj\u00fa cenu dopravy 3,46\u20ac s DPH (2,88\u20ac bez DPH )<\/p>\n\n\n\n<p>Bal\u00edky v rozsahu hmotnosti 4,5kg a\u017e 9 kg maj\u00fa cenu dopravy 5,57\u20ac s DPH (6,69\u20ac bez DPH )<\/p>\n\n\n\n<h4 class=\"wp-block-heading\">Packeta Home HD (doru\u010denie k dveram\u00e1m)<\/h4>\n\n\n\n<p>Bal\u00edky v rozsahu hmotnosti 0 a\u017e 1kg maj\u00fa cenu dopravy 5,18\u20ac s DPH (4,32\u20ac bez DPH ).<\/p>\n\n\n\n<p>Bal\u00edky v rozsahu hmotnosti 1 a\u017e 2kg maj\u00fa cenu dopravy 5,73\u20ac s DPH (4,78\u20ac bez DPH ).<\/p>\n\n\n\n<p>Bal\u00edky v rozsahu hmotnosti 2 a\u017e 5kg maj\u00fa cenu dopravy 6,28\u20ac s DPH (5,23\u20ac bez DPH ).<\/p>\n\n\n\n<p>Bal\u00edky v rozsahu hmotnosti 5 a\u017e 10kg maj\u00fa cenu dopravy 7,92\u20ac s DPH (6,60\u20ac bez DPH ).<\/p>\n\n\n\n<p>Bal\u00edky v rozsahu hmotnosti 10 a\u017e 15kg maj\u00fa cenu dopravy 10,11\u20ac s DPH (8,42\u20ac bez DPH ).<\/p>\n\n\n\n<h2 class=\"wp-block-heading\"><strong>Zv\u00fd\u0161enie cien&nbsp;<\/strong>1.maja 2022<\/h2>\n\n\n\n<p>Vzh\u013eadom na&nbsp;<strong><em>zv\u00fd\u0161en\u00e9 ceny pohon\u00fdch hm\u00f4t<\/em>&nbsp;<\/strong>bola zv\u00fd\u0161ena cena dopravneho&nbsp;<em><strong>zo strany kurierskych spolo\u010dnosti<\/strong><\/em>. Tieto zmeny sa odzrkadluj\u00fa v zmene ceny dopravn\u00e9ho od 1.maja 2022.<\/p>\n\n\n\n<p>Viac inform\u00e1cii o aktualnom palivovom pr\u00edplatku :<\/p>\n\n\n\n<p><a href=\"https:\/\/www.packeta.sk\/cenniky-a-priplatky\">www.packeta.sk<\/a><\/p>\n\n\n\n<p><a href=\"https:\/\/www.sps-sro.sk\/sk\/O-spolocnosti\/Novinky\/palivovy-priplatok-vnutrostatna-preprava-1.html?ind=\">www.sps-sro.sk<\/a><\/p>\n\n<!--themify_builder_content-->\n<div id=\"themify_builder_content-1701\" data-postid=\"1701\" class=\"themify_builder_content themify_builder_content-1701 themify_builder tf_clear\">\n    <\/div>\n<!--\/themify_builder_content-->\n\n\n<p><\/p>","protected":false},"excerpt":{"rendered":"<p>Ako objedna\u0165 a na \u010do si da\u0165 pozor Na na\u0161ich str\u00e1nkach m\u00f4\u017eete nakupova\u0165 aj bez registr\u00e1cie. Iba vypln\u00edte faktura\u010dn\u00e9 a doru\u010dovacie \u00fadaje. Nakupujete u n\u00e1s \u010dasto? V tom pr\u00edpade sa V\u00e1m registr\u00e1cia ur\u010dite oplat\u00ed. U\u017e nemus\u00edte zbyto\u010dne znovu a znovu vypl\u0148ova\u0165 \u00fadaje o doru\u010den\u00ed, I\u010cO, DI\u010c I\u010c DPH. Sta\u010d\u00ed si vybra\u0165 a objedna\u0165. Navy\u0161e m\u00e1te [&hellip;]<\/p>\n","protected":false},"author":1,"featured_media":0,"parent":0,"menu_order":0,"comment_status":"closed","ping_status":"closed","template":"","meta":{"footnotes":""},"class_list":["post-1701","page","type-page","status-publish","hentry","has-post-title","has-post-date","has-post-category","has-post-tag","has-post-comment","has-post-author",""],"jetpack_sharing_enabled":true,"builder_content":"","_links":{"self":[{"href":"https:\/\/www.zeus-braun.sk\/index.php\/wp-json\/wp\/v2\/pages\/1701","targetHints":{"allow":["GET"]}}],"collection":[{"href":"https:\/\/www.zeus-braun.sk\/index.php\/wp-json\/wp\/v2\/pages"}],"about":[{"href":"https:\/\/www.zeus-braun.sk\/index.php\/wp-json\/wp\/v2\/types\/page"}],"author":[{"embeddable":true,"href":"https:\/\/www.zeus-braun.sk\/index.php\/wp-json\/wp\/v2\/users\/1"}],"replies":[{"embeddable":true,"href":"https:\/\/www.zeus-braun.sk\/index.php\/wp-json\/wp\/v2\/comments?post=1701"}],"version-history":[{"count":6,"href":"https:\/\/www.zeus-braun.sk\/index.php\/wp-json\/wp\/v2\/pages\/1701\/revisions"}],"predecessor-version":[{"id":9833,"href":"https:\/\/www.zeus-braun.sk\/index.php\/wp-json\/wp\/v2\/pages\/1701\/revisions\/9833"}],"wp:attachment":[{"href":"https:\/\/www.zeus-braun.sk\/index.php\/wp-json\/wp\/v2\/media?parent=1701"}],"curies":[{"name":"wp","href":"https:\/\/api.w.org\/{rel}","templated":true}]}}