{"id":1460,"date":"2020-04-11T14:33:18","date_gmt":"2020-04-11T12:33:18","guid":{"rendered":"https:\/\/www.zeus-braun.sk\/?page_id=3"},"modified":"2022-03-16T11:35:42","modified_gmt":"2022-03-16T10:35:42","slug":"ochrana-sukromia-2","status":"publish","type":"page","link":"https:\/\/www.zeus-braun.sk\/index.php\/ochrana-sukromia-2\/","title":{"rendered":"GDPR"},"content":{"rendered":"<p>Prev\u00e1dzkovate\u013e&nbsp;internetov\u00e9ho obchodu www.zeus-braun.sk (\u010falej len \u201eZEUS s.r.o.\u201c):<\/p>\n\n\n\n<p>ZEUS s.r.o.<br>Nam SNP 13<br>814 99 Bratislaa<br>ICO: 35711973<br>DIC: 2020266171<br>IC DPH: SK 2020266171<\/p>\n\n\n\n<p>Prev\u00e1dzkovate\u013ev&nbsp;s\u00falade s&nbsp;nariaden\u00edm EP a R E\u00da 2016\/679 o&nbsp;ochrane fyzick\u00fdch os\u00f4b pri sprac\u00favan\u00ed osobn\u00fdch \u00fadajov a&nbsp;o&nbsp;vo\u013enom pohybe tak\u00fdchto \u00fadajov, ktor\u00fdm sa zru\u0161uje smernica 95\/46\/ES (v\u0161eobecn\u00e9 nariadenie o&nbsp;ochrane \u00fadajov) a so z\u00e1konom \u010d. 18\/2018 Z. z. o&nbsp;ochrane osobn\u00fdch \u00fadajov v&nbsp;platnom znen\u00ed, sprac\u00fava osobne \u00fadaje z\u00e1kazn\u00edkov za \u00fa\u010delom:<\/p>\n\n\n\n<p>1.&nbsp;&nbsp;&nbsp;&nbsp;Spracovania objedn\u00e1vky, vystavenia da\u0148ov\u00e9ho dokladu a vedenia reklam\u00e1cii v internetovom obchode&nbsp;<strong>www.zeus-braun.sk&nbsp;<\/strong>v rozsahu: titul, meno, priezvisko, po\u0161tov\u00e1 adresa, faktura\u010dn\u00e1 adresa, e-mailov\u00e1 adresa, telef\u00f3n, \u010d\u00edslo bankov\u00e9ho \u00fa\u010dtu.<\/p>\n\n\n\n<p>Pred\u00e1vaj\u00faci t\u00fdmto oznamuje kupuj\u00facemu , \u017ee&nbsp;sprac\u00favanie osobn\u00fdch \u00fadajov je povolen\u00e9 v&nbsp;zmysle \u010cl\u00e1nku 6 ods.1 pism. b&nbsp;&nbsp;v\u0161eobecn\u00e9ho Nariadenia EP a R (E\u00da) 2016\/679 o ochrane fyzick\u00fdch os\u00f4b pri sprac\u00favan\u00ed osobn\u00fdch \u00fadajov a o vo\u013enom pohybe tak\u00fdchto \u00fadajov.<\/p>\n\n\n\n<p>V&nbsp;zmysle \u010cl\u00e1nku 6 ods.1 pism. b&nbsp;&nbsp;v\u0161eobecn\u00e9ho Nariadenia EP a R (E\u00da) 2016\/679 o ochrane fyzick\u00fdch os\u00f4b pri sprac\u00favan\u00ed osobn\u00fdch \u00fadajov a o vo\u013enom pohybe tak\u00fdchto \u00fadajovbude pred\u00e1vaj\u00faci ako prev\u00e1dzkovate\u013e v&nbsp;procese&nbsp;uzatv\u00e1rania k\u00fapnej zmluvy sprac\u00fava\u0165 osobn\u00e9 \u00fadaje kupuj\u00faceho bez jeho s\u00fahlasu ako dotknutej osoby, ke\u010f\u017ee sprac\u00favanie osobn\u00fdch \u00fadajov kupuj\u00faceho bude vykon\u00e1van\u00e9 pred\u00e1vaj\u00facim v predzmluvn\u00fdch vz\u0165ahoch s kupuj\u00facim a sprac\u00favanie osobn\u00fdch \u00fadajov kupuj\u00faceho je nevyhnutn\u00e9 na plnenie z k\u00fapnej zmluvy, v ktorej vystupuje kupuj\u00faci ako jedna zo zmluvn\u00fdch str\u00e1n.<\/p>\n\n\n\n<p>2.&nbsp;&nbsp;&nbsp;&nbsp;Marketingu a to&nbsp;formou:<\/p>\n\n\n\n<p>2.1&nbsp;&nbsp;Zasielania&nbsp;<strong>newsletter spr\u00e1v&nbsp;<\/strong>na e-mailov\u00fa adresu a to prihl\u00e1sen\u00edm sa z\u00e1kazn\u00edka do mailing listu na str\u00e1nkach&nbsp;internetov\u00e9ho obchodu www.zeus-braun.sk v rozsahu: (titul, meno, priezvisko, e-mailov\u00e1 adresa).<\/p>\n\n\n\n<p>2.2&nbsp;&nbsp;\u00da\u010dasti na reklamn\u00fdch kampaniach (akci\u00e1ch), veden\u00fdch na str\u00e1nkach&nbsp;internetov\u00e9hoobchodu PK-Systems, s.r.o., alebo formou let\u00e1kov v rozsahu: (titul, meno, priezvisko, po\u0161tov\u00e1 adresa, e-mailov\u00e1 adresa, telef\u00f3n).<\/p>\n\n\n\n<p>2.2&nbsp;&nbsp;N\u00e1v\u0161tevn\u00edk&nbsp;internetov\u00e9ho obchodu sa m\u00f4\u017ee prihl\u00e1si\u0165 k odberu noviniek priamo zadan\u00edm svoje e-mailovej adresy do pol\u00ed\u010dka \u201ePrihl\u00e1ste sa na odber noviniek\u2026\u201c uvedenom na str\u00e1nkach&nbsp;<strong>wwww.zeus-braun.sk<\/strong> alebo ako kupuj\u00faci m\u00f4\u017ee&nbsp;za\u0161krtnut\u00edm&nbsp;pr\u00edslu\u0161n\u00e9ho pol\u00ed\u010dka pred odoslan\u00edm objedn\u00e1vky vyjadri\u0165 svoj s\u00fahlas v zmysle\u010cl\u00e1nku 6 ods.1 pism. a&nbsp;v\u0161eobecn\u00e9ho Nariadenia EP a R (E\u00da) 2016\/679 o ochrane fyzick\u00fdch os\u00f4b pri sprac\u00favan\u00ed osobn\u00fdch \u00fadajov a o vo\u013enom pohybe tak\u00fdchto \u00fadajov, aby pred\u00e1vaj\u00faci spracoval a uschov\u00e1val jeho osobn\u00e9 \u00fadaje, najm\u00e4 tie, ktor\u00e9 s\u00fa uveden\u00e9 vy\u0161\u0161ie a\/alebo ktor\u00e9 s\u00fa potrebn\u00e9 pri \u010dinnosti pred\u00e1vaj\u00faceho t\u00fdkaj\u00facej sa zasielania inform\u00e1ci\u00ed o nov\u00fdch produktoch, z\u013eav\u00e1ch a akci\u00e1ch na pon\u00fakan\u00fdch tovaroch a spracov\u00e1val ich vo v\u0161etk\u00fdch svojich informa\u010dn\u00fdch syst\u00e9moch, t\u00fdkaj\u00facich sa zasielania inform\u00e1ci\u00ed o nov\u00fdch produktoch, z\u013eav\u00e1ch a akci\u00e1ch na pon\u00fakan\u00fdch tovaroch. Kupuj\u00faci ude\u013euje pred\u00e1vaj\u00facemu tento s\u00fahlas na dobu ur\u010dit\u00fa do splnenia \u00fa\u010delu sprac\u00favania osobn\u00fdch \u00fadajov kupuj\u00faceho. Pred\u00e1vaj\u00faci po splnen\u00ed&nbsp;\u00fa\u010delu&nbsp;sprac\u00favania zabezpe\u010d\u00ed bezodkladne likvid\u00e1ciu&nbsp;osobn\u00fdch&nbsp;\u00fadajov kupuj\u00faceho. S\u00fahlas so spracovan\u00edm osobn\u00fdch \u00fadajov m\u00f4\u017ee kupuj\u00faci odvola\u0165 kedyko\u013evek p\u00edsomnou formou. Zru\u0161enie s\u00fahlasu pri zasielan\u00ed&nbsp;newsletter&nbsp;spr\u00e1v&nbsp;je mo\u017en\u00e9 vykona\u0165 aj&nbsp;elektronickya to odhl\u00e1sen\u00edm sa z mailing listu. Automatick\u00e9 odhl\u00e1senie je zobrazen\u00e9 v spodnej \u010dasti&nbsp;newsletterspr\u00e1vy,ktor\u00e1 v\u00e1m pr\u00edde na vami zadan\u00fae-mailov\u00fa adresu. S\u00fahlas zanikne v lehote 1 mesiaca od doru\u010denia odvolania s\u00fahlasu kupuj\u00facim pred\u00e1vaj\u00facemu.&nbsp;<\/p>\n\n\n\n<p>Prev\u00e1dzkovate\u013e prehlasuje, \u017ee:<\/p>\n\n\n\n<p>a)&nbsp;&nbsp;&nbsp;&nbsp;&nbsp;&nbsp;&nbsp;Spracovan\u00e9 osobn\u00e9 \u00fadaje dotknut\u00fdch os\u00f4b pou\u017eije len na vy\u0161\u0161ie uveden\u00e9 \u00fa\u010dely v r\u00e1mci svojich obchodn\u00fdch aktiv\u00edt.<\/p>\n\n\n\n<p>b)&nbsp;&nbsp;&nbsp;&nbsp;&nbsp;&nbsp;&nbsp;Nevyu\u017e\u00edvan\u00edm zasielania newsletter spr\u00e1v nevznik\u00e1 hrozba odmietnutia zmluvn\u00e9ho vz\u0165ahu.<\/p>\n\n\n\n<p><strong>Spolo<\/strong><strong>\u010d<\/strong><strong>n\u00e9 ustanovenia:<\/strong><\/p>\n\n\n\n<p>Osobn\u00e9 \u00fadaje, ktor\u00e9 poskytujete prev\u00e1dzkovate\u013eovi prostredn\u00edctvom registra\u010dn\u00e9ho formul\u00e1ra alebo priamej objedn\u00e1vky musia by\u0165 pravdiv\u00e9, a v pr\u00edpade ich zmeny ste povinn\u00fd o ich zmene bezodkladne informova\u0165 aj prev\u00e1dzkovate\u013ea.<\/p>\n\n\n\n<p>Ochrana va\u0161ich osobn\u00fdch \u00fadajov sa&nbsp;spravuje&nbsp;ustanoveniami z\u00e1kona o ochrane osobn\u00fdch \u00fadajov, pri\u010dom va\u0161e pr\u00e1va s\u00fa upraven\u00e9&nbsp;v\u0161eobecnom Nariaden\u00ed EP a R (E\u00da) 2016\/679 o ochrane fyzick\u00fdch os\u00f4b pri sprac\u00favan\u00ed osobn\u00fdch \u00fadajov a o vo\u013enom pohybe tak\u00fdchto \u00fadajov.&nbsp;napr. pr\u00e1vo na z\u00e1klade p\u00edsomnej \u017eiadosti po\u017eadova\u0165:<\/p>\n\n\n\n<p><strong>Pr\u00e1vo na pr\u00edstup&nbsp;<\/strong><\/p>\n\n\n\n<p>\u00b7&nbsp;&nbsp;&nbsp;&nbsp;&nbsp;&nbsp;M\u00e1te pr\u00e1vo na poskytnutie k\u00f3pie osobn\u00fdch \u00fadajov, ktor\u00e9 o V\u00e1s m\u00e1me k&nbsp;dispoz\u00edcii, ako aj na inform\u00e1cie o tom, ako Va\u0161e osobn\u00e9 \u00fadaje pou\u017e\u00edvame. Vo v\u00e4\u010d\u0161ine pr\u00edpadov v\u00e1m bud\u00fa Va\u0161e osobn\u00e9 \u00fadaje poskytnut\u00e9 v&nbsp;p\u00edsomnej listinnej forme, pokia\u013e nie je z&nbsp;Va\u0161ej strany po\u017eadovan\u00e9 inak. Ak ste o&nbsp;poskytnutie t\u00fdchto inform\u00e1ci\u00ed po\u017eiadali elektronick\u00fdmi prostriedkami, bud\u00fa v\u00e1m poskytnut\u00e9 elektronicky, ak to bude technicky mo\u017en\u00e9.&nbsp;<\/p>\n\n\n\n<p><strong>Pr\u00e1vo na n\u00e1pravu<\/strong><\/p>\n\n\n\n<p>\u00b7&nbsp;&nbsp;&nbsp;&nbsp;&nbsp;&nbsp;Prij\u00edmame primeran\u00e9 opatrenia, aby sme zabezpe\u010dili presnos\u0165, \u00faplnos\u0165 a&nbsp;aktu\u00e1lnos\u0165 inform\u00e1ci\u00ed, ktor\u00e9 o V\u00e1s m\u00e1me k dispoz\u00edcii. Ak si mysl\u00edte, \u017ee \u00fadaje, ktor\u00fdmi disponujeme, s\u00fa nepresn\u00e9, ne\u00fapln\u00e9 alebo neaktu\u00e1lne, pros\u00edm, nev\u00e1hajte n\u00e1s po\u017eiada\u0165, aby sme tieto inform\u00e1cie upravili, aktualizovali alebo doplnili.<\/p>\n\n\n\n<p><strong>Pr\u00e1vo na vymazanie<\/strong><\/p>\n\n\n\n<p>\u00b7&nbsp;&nbsp;&nbsp;&nbsp;&nbsp;&nbsp;Za ur\u010dit\u00fdch okolnost\u00ed m\u00e1te pr\u00e1vo n\u00e1s po\u017eiada\u0165 o vymazanie Va\u0161ich osobn\u00fdch \u00fadajov, napr\u00edklad v&nbsp;pr\u00edpade, ak osobn\u00e9 \u00fadaje, ktor\u00e9 sme o&nbsp;V\u00e1s z\u00edskali, u\u017e viac nie s\u00fa potrebn\u00e9 na naplnenie p\u00f4vodn\u00e9ho \u00fa\u010delu spracovania alebo v&nbsp;pr\u00edpade, ak odvol\u00e1te svoj s\u00fahlas so spracovan\u00edm. Va\u0161e pr\u00e1vo je v\u0161ak potrebn\u00e9 pos\u00fadi\u0165 z&nbsp;poh\u013eadu v\u0161etk\u00fdch relevantn\u00fdch okolnost\u00ed. Napr\u00edklad, m\u00f4\u017eeme ma\u0165 ur\u010dit\u00e9 pr\u00e1vne a regula\u010dn\u00e9 povinnosti, \u010do znamen\u00e1, \u017ee nebudeme m\u00f4c\u0165 Va\u0161ej \u017eiadosti vyhovie\u0165.<\/p>\n\n\n\n<p><strong>Pr\u00e1vo na obmedzenie spracovania<\/strong><\/p>\n\n\n\n<p>\u00b7&nbsp;&nbsp;&nbsp;&nbsp;&nbsp;&nbsp;Za ur\u010dit\u00fdch okolnost\u00ed ste opr\u00e1vnen\u00fd n\u00e1s po\u017eiada\u0165, aby sme prestali pou\u017e\u00edva\u0165 Va\u0161e osobn\u00e9 \u00fadaje. Ide napr\u00edklad o&nbsp;pr\u00edpady, ke\u010f si mysl\u00edte, \u017ee osobn\u00e9 \u00fadaje, ktor\u00e9 o V\u00e1s m\u00e1me, m\u00f4\u017eu by\u0165 nepresn\u00e9 alebo ke\u010f si mysl\u00edte, \u017ee u\u017e Va\u0161e osobn\u00e9 \u00fadaje nepotrebujeme vyu\u017e\u00edva\u0165.<\/p>\n\n\n\n<p><strong>Pr\u00e1vo na prenosnos\u0165 \u00fadajov<\/strong><\/p>\n\n\n\n<p>\u00b7&nbsp;&nbsp;&nbsp;&nbsp;&nbsp;&nbsp;Za ur\u010dit\u00fdch okolnost\u00ed m\u00e1te pr\u00e1vo po\u017eiada\u0165 n\u00e1s o prenos osobn\u00fdch \u00fadajov, ktor\u00e9 ste n\u00e1m poskytli, na in\u00fa tretiu stranu pod\u013ea V\u00e1\u0161ho v\u00fdberu. Pr\u00e1vo na prenosnos\u0165 sa v\u0161ak t\u00fdka len osobn\u00fdch \u00fadajov, ktor\u00e9 sme od V\u00e1s z\u00edskali na z\u00e1klade s\u00fahlasu alebo na z\u00e1klade zmluvy, ktorej ste jednou zo zmluvn\u00fdch str\u00e1n.&nbsp;<\/p>\n\n\n\n<p><strong>Pr\u00e1vo&nbsp;&nbsp;namieta\u0165<\/strong><\/p>\n\n\n\n<p>\u00b7&nbsp;&nbsp;&nbsp;&nbsp;&nbsp;&nbsp;M\u00e1te pr\u00e1vo namieta\u0165 vo\u010di spracovaniu \u00fadajov, ktor\u00e9 je zalo\u017een\u00e9 na na\u0161ich legit\u00edmnych opr\u00e1vnen\u00fdch z\u00e1ujmoch (napr\u00edklad osobn\u00e9 \u00fadaje sprac\u00favame na \u00fa\u010del bezpe\u010dnosti siete a&nbsp;infra\u0161trukt\u00fary). V&nbsp;pr\u00edpade, ak nem\u00e1me presved\u010div\u00fd legit\u00edmny opr\u00e1vnen\u00fd d\u00f4vod na spracovanie a&nbsp;vy pod\u00e1te n\u00e1mietku, nebudeme Va\u0161e osobn\u00e9 \u00fadaje \u010falej sprac\u00fava\u0165.&nbsp;&nbsp;<\/p>\n\n\n\n<p><strong>Pr\u00e1va s\u00favisiace s automatizovan\u00fdm rozhodovan\u00edm<\/strong><\/p>\n\n\n\n<p>\u00b7&nbsp;&nbsp;&nbsp;&nbsp;&nbsp;&nbsp;M\u00e1te pr\u00e1vo odmietnu\u0165 automatizovan\u00e9 rozhodovanie, vr\u00e1tane profilovania, z ktor\u00e9ho pre V\u00e1s vyplynie pr\u00e1vny alebo podobn\u00fd v\u00fdznamn\u00fd d\u00f4sledok. Spolo\u010dnos\u0165 zvy\u010dajne nepou\u017e\u00edva v kontexte zamestn\u00e1vania automatizovan\u00e9 rozhodovanie alebo profilovanie.&nbsp;&nbsp;&nbsp;<\/p>\n\n\n\n<p><strong>Pr\u00e1vo odvola\u0165 s\u00fahlas<\/strong><\/p>\n\n\n\n<p>\u00b7&nbsp;&nbsp;&nbsp;&nbsp;&nbsp;&nbsp;&nbsp;Vo v\u00e4\u010d\u0161ine pr\u00edpadov Va\u0161e osobn\u00e9 \u00fadaje nesprac\u00favame na z\u00e1klade V\u00e1\u0161ho s\u00fahlasu. M\u00f4\u017ee sa v\u0161ak sta\u0165, \u017ee v konkr\u00e9tnych pr\u00edpadoch o V\u00e1\u0161 s\u00fahlas po\u017eiadame. V&nbsp;pr\u00edpadoch, kedy to urob\u00edme, m\u00e1te pr\u00e1vo odvola\u0165 svoj s\u00fahlas s \u010fal\u0161\u00edm pou\u017e\u00edvan\u00edm Va\u0161ich osobn\u00fdch \u00fadajov. ( napr. Fotografia)&nbsp;<\/p>\n\n\n\n<p><strong>Pr\u00e1vo poda\u0165 s\u0165a\u017enos\u0165<\/strong><\/p>\n\n\n\n<p>Ak chcete poda\u0165 s\u0165a\u017enos\u0165 na sp\u00f4sob, ak\u00fdm s\u00fa va\u0161e osobn\u00e9 \u00fadaje sprac\u00favan\u00e9, vr\u00e1tane uplatnenia vy\u0161\u0161ie uveden\u00fdch pr\u00e1v, m\u00f4\u017eete sa obr\u00e1ti\u0165na linke:&nbsp;0904324557&nbsp;poslan\u00edm e-mailu na adresu: office@zeus-braun.sk&nbsp;&nbsp;alebo p\u00edsomnou \u017eiados\u0165ou zaslanou do s\u00eddla prev\u00e1dzkovate\u013ea alebo na kore\u0161ponden\u010dn\u00fa adresu: ZEUS s.r.o. P.O.BOX 265, 814 99 Bratislava<\/p>\n\n\n\n<p>Ak nie ste spokojn\u00fd s&nbsp;na\u0161ou odpove\u010fou, alebo sa domnievate, \u017ee va\u0161e osobn\u00e9 \u00fadaje sprac\u00favame nespravodlivo alebo nez\u00e1konne, m\u00f4\u017eete poda\u0165 s\u0165a\u017enos\u0165 na dozorn\u00fd org\u00e1n, ktor\u00fdm je \u00darad na ochranu osobn\u00fdch \u00fadajov Slovenskej republiky,&nbsp;&nbsp;<a href=\"https:\/\/dataprotection.gov.sk\/\">https:\/\/dataprotection.gov.sk<\/a>,&nbsp;Hrani\u010dn\u00e1 12, 820 07 Bratislava 27;&nbsp;&nbsp;tel. \u010d\u00edslo: +421 \/2\/ 3231 3214; E-mail:&nbsp;<a href=\"mailto:statny.dozor@pdp.gov.sk\">statny.dozor@pdp.gov.sk<\/a>.&nbsp;&nbsp;&nbsp;<\/p>\n\n\n\n<p><strong>Tretie strany:<\/strong><\/p>\n\n\n\n<p>Va\u0161e osobn\u00e9 \u00fadaje m\u00f4\u017eu by\u0165 poskytnut\u00e9 tret\u00edm stran\u00e1m a sprostredkovate\u013eom, t.j. subjektom spolupracuj\u00facim s prev\u00e1dzkovate\u013eom, ktor\u00fdmi s\u00fa napr\u00edklad prepravn\u00e9 a doru\u010dovacie spolo\u010dnosti. Aktu\u00e1lny zoznam t\u00fdchto subjektov je nasleduj\u00faci:<\/p>\n\n\n\n<p>a)&nbsp;&nbsp;&nbsp;&nbsp;Slovak Parcel Service s.r.o.&nbsp;,&nbsp;so s\u00eddlom&nbsp;Seneck\u00e1 cesta 1, 900 28 Ivanka pri Dunaji, I\u010cO: 31329217, DI\u010c: 2020351993, I\u010c DPH: SK 2020351993, Zap\u00edsan\u00fd v Obchodnom registri Okresn\u00e9ho s\u00fadu Bratislava I, Oddiel Sro. Vlo\u017eka \u010d. 3215\/B<\/p>\n\n<!--themify_builder_content-->\n<div id=\"themify_builder_content-1460\" data-postid=\"1460\" class=\"themify_builder_content themify_builder_content-1460 themify_builder tf_clear\">\n    <\/div>\n<!--\/themify_builder_content-->","protected":false},"excerpt":{"rendered":"<p>Prev\u00e1dzkovate\u013e&nbsp;internetov\u00e9ho obchodu www.zeus-braun.sk (\u010falej len \u201eZEUS s.r.o.\u201c): ZEUS s.r.o.Nam SNP 13814 99 BratislaaICO: 35711973DIC: 2020266171IC DPH: SK 2020266171 Prev\u00e1dzkovate\u013ev&nbsp;s\u00falade s&nbsp;nariaden\u00edm EP a R E\u00da 2016\/679 o&nbsp;ochrane fyzick\u00fdch os\u00f4b pri sprac\u00favan\u00ed osobn\u00fdch \u00fadajov a&nbsp;o&nbsp;vo\u013enom pohybe tak\u00fdchto \u00fadajov, ktor\u00fdm sa zru\u0161uje smernica 95\/46\/ES (v\u0161eobecn\u00e9 nariadenie o&nbsp;ochrane \u00fadajov) a so z\u00e1konom \u010d. 18\/2018 Z. z. o&nbsp;ochrane osobn\u00fdch \u00fadajov [&hellip;]<\/p>\n","protected":false},"author":1,"featured_media":0,"parent":0,"menu_order":0,"comment_status":"closed","ping_status":"open","template":"","meta":{"footnotes":""},"class_list":["post-1460","page","type-page","status-publish","hentry","has-post-title","has-post-date","has-post-category","has-post-tag","has-post-comment","has-post-author",""],"jetpack_sharing_enabled":true,"builder_content":"","_links":{"self":[{"href":"https:\/\/www.zeus-braun.sk\/index.php\/wp-json\/wp\/v2\/pages\/1460","targetHints":{"allow":["GET"]}}],"collection":[{"href":"https:\/\/www.zeus-braun.sk\/index.php\/wp-json\/wp\/v2\/pages"}],"about":[{"href":"https:\/\/www.zeus-braun.sk\/index.php\/wp-json\/wp\/v2\/types\/page"}],"author":[{"embeddable":true,"href":"https:\/\/www.zeus-braun.sk\/index.php\/wp-json\/wp\/v2\/users\/1"}],"replies":[{"embeddable":true,"href":"https:\/\/www.zeus-braun.sk\/index.php\/wp-json\/wp\/v2\/comments?post=1460"}],"version-history":[{"count":3,"href":"https:\/\/www.zeus-braun.sk\/index.php\/wp-json\/wp\/v2\/pages\/1460\/revisions"}],"predecessor-version":[{"id":9589,"href":"https:\/\/www.zeus-braun.sk\/index.php\/wp-json\/wp\/v2\/pages\/1460\/revisions\/9589"}],"wp:attachment":[{"href":"https:\/\/www.zeus-braun.sk\/index.php\/wp-json\/wp\/v2\/media?parent=1460"}],"curies":[{"name":"wp","href":"https:\/\/api.w.org\/{rel}","templated":true}]}}